{"id":93,"date":"2024-02-25T09:20:34","date_gmt":"2024-02-25T09:20:34","guid":{"rendered":"https:\/\/wesenauer.store\/?page_id=93"},"modified":"2024-02-25T09:25:51","modified_gmt":"2024-02-25T09:25:51","slug":"raum-schaffen","status":"publish","type":"page","link":"https:\/\/effjot.de\/?page_id=93","title":{"rendered":"Raum schaffen"},"content":{"rendered":"\n<p><br>Wenn Sie auf der Suche nach einer kosteng\u00fcnstigen, flexiblen und z\u00fcgigen L\u00f6sung f\u00fcr zus\u00e4tzlichen Raum sind, sind Sie bei MTW &#8211; Montage Technik Wesenauer genau richtig. W\u00e4hlen Sie aus unserem umfangreichen Produktangebot den Container, der Ihren Anforderungen entspricht, und kombinieren Sie ihn mit der passenden Ausstattung.<\/p>\n\n\n\n<hr class=\"wp-block-separator has-alpha-channel-opacity\"\/>\n\n\n\n<p>Wir m\u00f6chten Sie gerne von unserer Leistungsf\u00e4higkeit und den vielf\u00e4ltigen Einsatzm\u00f6glichkeiten unserer Container \u00fcberzeugen. Bestellen Sie den gew\u00fcnschten Containertyp direkt und unkompliziert. Unsere erfahrenen und engagierten Mitarbeiter stehen Ihnen gerne f\u00fcr Angebote und Fragen zur Verf\u00fcgung.<\/p>\n\n\n\n<p>Wir freuen uns darauf, Ihre Anfragen entgegenzunehmen und Sie bei der Realisierung Ihrer Raumbed\u00fcrfnisse zu unterst\u00fctzen!<\/p>\n\n\n\n<hr class=\"wp-block-separator has-alpha-channel-opacity\"\/>\n\n\n\n<p>Modulare Rauml\u00f6sungen spiegeln den Zeitgeist wider, denn Reaktionsf\u00e4higkeit ist ein entscheidender Erfolgsfaktor im globalen Wirtschaftsraum.<br>Die schnelle Bereitstellung von R\u00e4umen f\u00fcr verschiedene neue Arbeitsbereiche, sei es f\u00fcr Projektgruppen, Entwicklungsabteilungen oder Service-Teams, gew\u00e4hrleistet nicht nur Reaktionsf\u00e4higkeit, sondern sichert auch langfristigen Erfolg.<\/p>\n\n\n\n<hr class=\"wp-block-separator has-alpha-channel-opacity\"\/>\n\n\n\n<p>W\u00e4hrend unser Anwendungsbereich von der traditionellen Container-Interimsl\u00f6sung f\u00fcr Baustellen zu einer umfassenden Geb\u00e4udel\u00f6sung evolviert, zeichnet sich ein Trend zu mehr Komfort und All-Inclusive-Leistungen ab. Mit unserem Rundum-Service setzen wir als Komplettdienstleister den Standard f\u00fcr einen vorbildlichen Service. F\u00fcr mehr Sicherheit und Komfort!<\/p>\n\n\n\n<hr class=\"wp-block-separator has-alpha-channel-opacity is-style-default\"\/>\n\n\n\n<p>Ein B\u00fcromodul allein macht noch keinen vollst\u00e4ndigen Arbeitsplatz aus. Neben den M\u00f6beln ist auch die passende technische Infrastruktur, wie Netzwerk und Telefon, von entscheidender Bedeutung. Klimatisierung geh\u00f6rt heutzutage oft zum Standard. Die Frage ist, ob Sie IT- und Elektroarbeiten, Klima- und Sicherheitstechnik sowie den Innenausbau bei verschiedenen Fachfirmen beauftragen m\u00f6chten.<\/p>\n\n\n\n<p>Gerne stehen wir Ihnen zur Seite und bieten ma\u00dfgeschneiderte Servicepakete zu attraktiven Konditionen an.<\/p>\n","protected":false},"excerpt":{"rendered":"<p>Wenn Sie auf der Suche nach einer kosteng\u00fcnstigen, flexiblen und z\u00fcgigen L\u00f6sung f\u00fcr zus\u00e4tzlichen Raum sind, sind Sie bei MTW &#8211; Montage Technik Wesenauer genau richtig. W\u00e4hlen Sie aus unserem&hellip;<\/p>\n","protected":false},"author":1,"featured_media":0,"parent":0,"menu_order":0,"comment_status":"closed","ping_status":"closed","template":"templates\/template-page-full-width.php","meta":{"footnotes":""},"class_list":["post-93","page","type-page","status-publish","hentry"],"_links":{"self":[{"href":"https:\/\/effjot.de\/index.php?rest_route=\/wp\/v2\/pages\/93","targetHints":{"allow":["GET"]}}],"collection":[{"href":"https:\/\/effjot.de\/index.php?rest_route=\/wp\/v2\/pages"}],"about":[{"href":"https:\/\/effjot.de\/index.php?rest_route=\/wp\/v2\/types\/page"}],"author":[{"embeddable":true,"href":"https:\/\/effjot.de\/index.php?rest_route=\/wp\/v2\/users\/1"}],"replies":[{"embeddable":true,"href":"https:\/\/effjot.de\/index.php?rest_route=%2Fwp%2Fv2%2Fcomments&post=93"}],"version-history":[{"count":2,"href":"https:\/\/effjot.de\/index.php?rest_route=\/wp\/v2\/pages\/93\/revisions"}],"predecessor-version":[{"id":96,"href":"https:\/\/effjot.de\/index.php?rest_route=\/wp\/v2\/pages\/93\/revisions\/96"}],"wp:attachment":[{"href":"https:\/\/effjot.de\/index.php?rest_route=%2Fwp%2Fv2%2Fmedia&parent=93"}],"curies":[{"name":"wp","href":"https:\/\/api.w.org\/{rel}","templated":true}]}}