{"id":16,"date":"2024-02-16T20:37:24","date_gmt":"2024-02-16T20:37:24","guid":{"rendered":"https:\/\/wesenauer.store\/?page_id=16"},"modified":"2024-02-25T14:07:25","modified_gmt":"2024-02-25T14:07:25","slug":"service-reparatur","status":"publish","type":"page","link":"https:\/\/effjot.de\/?page_id=16","title":{"rendered":"Service &#038; Reparatur"},"content":{"rendered":"\n<p class=\"has-medium-font-size\"><br><strong>Wartung von Containern<\/strong><\/p>\n\n\n\n<p class=\"has-medium-font-size\">Der Wartungs- und Reparaturservice von Montage Technik Wesenauer sorgt f\u00fcr reibungslosen Ablauf.<\/p>\n\n\n\n<hr class=\"wp-block-separator has-alpha-channel-opacity\"\/>\n\n\n\n<p class=\"has-medium-font-size\">Um sicherzustellen, dass ein Container optimal funktioniert und alle Teile einwandfrei arbeiten, ist es ratsam, regelm\u00e4\u00dfige Wartungsarbeiten durchzuf\u00fchren oder im Bedarfsfall besch\u00e4digte Teile zeitnah reparieren zu lassen.<\/p>\n\n\n\n<hr class=\"wp-block-separator has-alpha-channel-opacity\"\/>\n\n\n\n<p class=\"has-medium-font-size\">Der Umfang der erforderlichen Wartungsarbeiten h\u00e4ngt vom Typ des Containers ab und variiert daher von Fall zu Fall. Bei neuen Containern entstehen in der Regel kaum Aufwendungen f\u00fcr Wartung oder Reparatur. Es ist lediglich erforderlich, alle paar Jahre die T\u00fcrangeln und -schl\u00f6sser zu \u00f6len. Da sich im Laufe der Zeit die Qualit\u00e4t der T\u00fcrdichtungen verringern kann, sollten auch diese gegebenenfalls verbessert werden. Gebrauchte Container erfordern die gleichen Instandhaltungs- und Wartungsarbeiten. Falls Dellen oder Roststellen auftreten, m\u00fcssen diese von Zeit zu Zeit nachlackiert werden. In seltenen F\u00e4llen kann auch eine neue Schwei\u00dfnaht oder der Austausch eines Ersatzteils erforderlich sein.<\/p>\n\n\n\n<p class=\"has-medium-font-size\">F\u00fcr kurzfristig vermietete Container bietet MTW &#8211; Montage Technik Wesenauer gerne Unterst\u00fctzung bei der Wartung, wenn gew\u00fcnscht. Bei Leasing oder Kauf muss der Kunde m\u00f6glicherweise selbst t\u00e4tig werden, um den einwandfreien Zustand seines Containers langfristig zu erhalten. Da der Aufwand jedoch \u00fcberschaubar ist, kann die Arbeit bei Bedarf auch von uns durchgef\u00fchrt werden.<\/p>\n\n\n\n<hr class=\"wp-block-separator has-alpha-channel-opacity\"\/>\n\n\n\n<p class=\"has-medium-font-size\"><strong>Reparatur von Containern<\/strong><\/p>\n\n\n\n<p class=\"has-medium-font-size\">Zus\u00e4tzlich zu den standardm\u00e4\u00dfigen Wartungsarbeiten k\u00f6nnen von Zeit zu Zeit auch Reparaturen an Containern erforderlich sein. Wenn die vom Kunden vorab vereinbarten und schriftlich mitgeteilten Pflege- und Wartungsarbeiten eingehalten wurden und dennoch Funktionsm\u00e4ngel auftreten, ist es Teil unseres Services, alle anfallenden Reparatur- und Wartungsarbeiten w\u00e4hrend der gesamten Vermietungsdauer durchzuf\u00fchren. Falls ein Funktionsmangel auf Fehlnutzung des Kunden zur\u00fcckzuf\u00fchren ist, schicken wir gerne einen Servicemitarbeiter, um den Fehler zeitnah zu beheben. Der dabei entstehende Aufwand wird individuell berechnet. Bei neu gekauften Containern gilt die Herstellergarantie. Bei Gebrauchtcontainern, die Sie bei uns kaufen, garantieren wir, dass sie in einem wind- und wasserfesten Zustand geliefert werden, sofern nicht anders vereinbart. Sollte dies nicht der Fall sein, beheben wir den Fehler nat\u00fcrlich auf unsere Kosten.<\/p>\n","protected":false},"excerpt":{"rendered":"<p>Wartung von Containern Der Wartungs- und Reparaturservice von Montage Technik Wesenauer sorgt f\u00fcr reibungslosen Ablauf. Um sicherzustellen, dass ein Container optimal funktioniert und alle Teile einwandfrei arbeiten, ist es ratsam,&hellip;<\/p>\n","protected":false},"author":1,"featured_media":0,"parent":0,"menu_order":0,"comment_status":"closed","ping_status":"closed","template":"templates\/template-page-full-width.php","meta":{"footnotes":""},"class_list":["post-16","page","type-page","status-publish","hentry"],"_links":{"self":[{"href":"https:\/\/effjot.de\/index.php?rest_route=\/wp\/v2\/pages\/16","targetHints":{"allow":["GET"]}}],"collection":[{"href":"https:\/\/effjot.de\/index.php?rest_route=\/wp\/v2\/pages"}],"about":[{"href":"https:\/\/effjot.de\/index.php?rest_route=\/wp\/v2\/types\/page"}],"author":[{"embeddable":true,"href":"https:\/\/effjot.de\/index.php?rest_route=\/wp\/v2\/users\/1"}],"replies":[{"embeddable":true,"href":"https:\/\/effjot.de\/index.php?rest_route=%2Fwp%2Fv2%2Fcomments&post=16"}],"version-history":[{"count":8,"href":"https:\/\/effjot.de\/index.php?rest_route=\/wp\/v2\/pages\/16\/revisions"}],"predecessor-version":[{"id":119,"href":"https:\/\/effjot.de\/index.php?rest_route=\/wp\/v2\/pages\/16\/revisions\/119"}],"wp:attachment":[{"href":"https:\/\/effjot.de\/index.php?rest_route=%2Fwp%2Fv2%2Fmedia&parent=16"}],"curies":[{"name":"wp","href":"https:\/\/api.w.org\/{rel}","templated":true}]}}