{"id":14,"date":"2024-02-16T20:34:35","date_gmt":"2024-02-16T20:34:35","guid":{"rendered":"https:\/\/wesenauer.store\/?page_id=14"},"modified":"2024-02-25T08:17:13","modified_gmt":"2024-02-25T08:17:13","slug":"impressum","status":"publish","type":"page","link":"https:\/\/effjot.de\/?page_id=14","title":{"rendered":"Impressum"},"content":{"rendered":"\n<p><strong>Informationen und Offenlegung gem\u00e4\u00df \u00a75 (1) ECG, \u00a7 25 MedienG, \u00a7 63 GewO und \u00a7 14 UGB<\/strong><\/p>\n\n\n\n<p><strong>Webseitenbetreiber<\/strong>:<\/p>\n\n\n\n<p>Montage Technik Gerald Wesenauer e.U.<\/p>\n\n\n\n<p><strong>Anschrift<\/strong>:&nbsp;<\/p>\n\n\n\n<p>Latschenweg 1<br>A-5310 Tiefengraben<br>\u00d6sterreich<\/p>\n\n\n\n<p><strong>Telefon<\/strong>:<\/p>\n\n\n\n<p>+43\/664-444 80 74<\/p>\n\n\n\n<p><br><strong>Email<\/strong>:<\/p>\n\n\n\n<p><a href=\"mailto:office@wesenauer.store\">office@wesenauer.store <\/a><\/p>\n\n\n\n<p><strong>Homepage<\/strong>: <\/p>\n\n\n\n<p><a href=\"https:\/\/www.wesenauer.store\" target=\"_blank\" rel=\"noreferrer noopener\">https:\/\/www.wesenauer.store<\/a><\/p>\n\n\n\n<p><strong>UID-Nr<\/strong>:<br><br>ATU74809745<br><br>Anwendbare Rechtsvorschrift:&nbsp;www.ris.bka.gv.at<br>Online Streitbeilegung:&nbsp;Verbraucher, welche in \u00d6sterreich oder in einem sonstigen Vertragsstaat der ODR-VO niedergelassen sind, haben die M\u00f6glichkeit Probleme bez\u00fcglich dem entgeltlichen Kauf von Waren oder Dienstleistungen im Rahmen einer Online-Streitbeilegung (nach OS, AStG) zu l\u00f6sen. Die Europ\u00e4ische Kommission stellt eine Plattform hierf\u00fcr bereit: https:\/\/ec.europa.eu\/consumers\/odr<\/p>\n\n\n\n<p>Urheberrecht:&nbsp;Die Inhalte dieser Webseite unterliegen, soweit dies rechtlich m\u00f6glich ist, diversen Schutzrechten (z.B dem Urheberrecht). Jegliche Verwendung\/Verbreitung von bereitgestelltem Material, welche urheberrechtlich untersagt ist, bedarf schriftlicher Zustimmung des Webseitenbetreibers.<\/p>\n\n\n\n<p>Haftungsausschluss:&nbsp;Trotz sorgf\u00e4ltiger inhaltlicher Kontrolle \u00fcbernimmt der Webseitenbetreiber dieser Webseite keine Haftung f\u00fcr die Inhalte externer Links. F\u00fcr den Inhalt der verlinkten Seiten sind ausschlie\u00dflich deren Betreiber verantwortlich. Sollten Sie dennoch auf ausgehende Links aufmerksam werden, welche auf eine Webseite mit rechtswidriger T\u00e4tigkeit\/Information verweisen, ersuchen wir um dementsprechenden Hinweis, um diese nach \u00a7 17 Abs. 2 ECG umgehend zu entfernen.<br>Die Urheberrechte Dritter werden vom Betreiber dieser Webseite mit gr\u00f6\u00dfter Sorgfalt beachtet. Sollten Sie trotzdem auf eine Urheberrechtsverletzung aufmerksam werden, bitten wir um einen entsprechenden Hinweis. Bei Bekanntwerden derartiger Rechtsverletzungen werden wir den betroffenen Inhalt umgehend entfernen.<\/p>\n","protected":false},"excerpt":{"rendered":"<p>Informationen und Offenlegung gem\u00e4\u00df \u00a75 (1) ECG, \u00a7 25 MedienG, \u00a7 63 GewO und \u00a7 14 UGB Webseitenbetreiber: Montage Technik Gerald Wesenauer e.U. Anschrift:&nbsp; Latschenweg 1A-5310 Tiefengraben\u00d6sterreich Telefon: +43\/664-444 80&hellip;<\/p>\n","protected":false},"author":1,"featured_media":0,"parent":0,"menu_order":0,"comment_status":"closed","ping_status":"closed","template":"templates\/template-page-full-width.php","meta":{"footnotes":""},"class_list":["post-14","page","type-page","status-publish","hentry"],"_links":{"self":[{"href":"https:\/\/effjot.de\/index.php?rest_route=\/wp\/v2\/pages\/14","targetHints":{"allow":["GET"]}}],"collection":[{"href":"https:\/\/effjot.de\/index.php?rest_route=\/wp\/v2\/pages"}],"about":[{"href":"https:\/\/effjot.de\/index.php?rest_route=\/wp\/v2\/types\/page"}],"author":[{"embeddable":true,"href":"https:\/\/effjot.de\/index.php?rest_route=\/wp\/v2\/users\/1"}],"replies":[{"embeddable":true,"href":"https:\/\/effjot.de\/index.php?rest_route=%2Fwp%2Fv2%2Fcomments&post=14"}],"version-history":[{"count":3,"href":"https:\/\/effjot.de\/index.php?rest_route=\/wp\/v2\/pages\/14\/revisions"}],"predecessor-version":[{"id":83,"href":"https:\/\/effjot.de\/index.php?rest_route=\/wp\/v2\/pages\/14\/revisions\/83"}],"wp:attachment":[{"href":"https:\/\/effjot.de\/index.php?rest_route=%2Fwp%2Fv2%2Fmedia&parent=14"}],"curies":[{"name":"wp","href":"https:\/\/api.w.org\/{rel}","templated":true}]}}